{"id":10193,"date":"2022-02-03T18:19:09","date_gmt":"2022-02-03T17:19:09","guid":{"rendered":"https:\/\/www.vmm.eu\/?page_id=10193"},"modified":"2022-05-04T15:56:00","modified_gmt":"2022-05-04T13:56:00","slug":"sponsoring-members","status":"publish","type":"page","link":"https:\/\/www.vmm.eu\/en\/sponsoring-members\/","title":{"rendered":"Training institutions"},"content":{"rendered":"<p><span class=\"customer-text-headline-5\">TRAiNING INSTITUTIONS<\/span><\/p><div class=\"mt-65px\"><\/div><p><span class=\"customer-text-headline-2\">Find a list of the most popular training institutions here.<\/span><\/p><div class=\"mt-96px\"><\/div><div class=\"customer-gutenberg-supporting-member-grid\" id=\"customer-gutenberg-block_6100141918901\">\n  <div class=\"row\">\n    \n    <div class=\"col-12 col-md-6 col-lg-4 mb-7\">\n\n      <a class=\"d-grid d-grid--content-between h-100 bordered bordered--white grid-item\" href=\"http:\/\/www.fachschule-muenchen.de\" target=\"\">        <div class=\"d-grid align-content-end flex-wrap icon-with-title\">\n          <div class=\"image\"><img loading=\"lazy\" decoding=\"async\" width=\"1200\" height=\"634\" src=\"https:\/\/www.vmm.eu\/wp-content\/uploads\/2025\/05\/sddefault-1200x634.jpg\" class=\"mx-auto wp-post-image\" alt=\"\" srcset=\"https:\/\/www.vmm.eu\/wp-content\/uploads\/2025\/05\/sddefault-1200x634.jpg 1200w, https:\/\/www.vmm.eu\/wp-content\/uploads\/2025\/05\/sddefault-950x502.jpg 950w, https:\/\/www.vmm.eu\/wp-content\/uploads\/2025\/05\/sddefault-1558x823.jpg 1558w, https:\/\/www.vmm.eu\/wp-content\/uploads\/2025\/05\/sddefault-768x405.jpg 768w, https:\/\/www.vmm.eu\/wp-content\/uploads\/2025\/05\/sddefault-1536x811.jpg 1536w, https:\/\/www.vmm.eu\/wp-content\/uploads\/2025\/05\/sddefault-2048x1081.jpg 2048w, https:\/\/www.vmm.eu\/wp-content\/uploads\/2025\/05\/sddefault-600x317.jpg 600w\" sizes=\"auto, (max-width: 1200px) 100vw, 1200px\" \/><\/div>\n          <h6 class=\"font-weight-bold customer-text-headline-6 mb-0 mt-6\">M\u00fcnchner Farbe Schulen<\/h6>\n        <\/div>\n\n        <div class=\"d-grid align-content-end flex-wrap customer-text-copy-1 description pt-4\">\n                    <p class=\"mb-4\">\n              St\u00e4dtische Fachschule f\u00fcr Farb- und Lacktechnik<br>Schertlinstra\u00dfe 8a, 81379 Mu\u0308nchen          <\/p>\n          \n          <p class=\"mb-4\">\n                        Fon: +49 89 233 34901<br>\n            \n                        info@fachschule-muenchen.de                      <\/p>\n\n                    <div>\n            <span class=\"font-weight-bold customer-text-button-2 customer-btn-effect-small\" href=\"http:\/\/www.fachschule-muenchen.de\" target=\"\">www.fachschule-muenchen.de<\/span>\n          <\/div>\n                  <\/div>\n      <\/a>    <\/div>\n    \n    <div class=\"col-12 col-md-6 col-lg-4 mb-7\">\n\n      <a class=\"d-grid d-grid--content-between h-100 bordered bordered--white grid-item\" href=\"http:\/\/www.ist-hochschule.de\" target=\"_blank\">        <div class=\"d-grid align-content-end flex-wrap icon-with-title\">\n          <div class=\"image\"><img loading=\"lazy\" decoding=\"async\" width=\"1200\" height=\"255\" src=\"https:\/\/www.vmm.eu\/wp-content\/uploads\/2023\/11\/ist-hochschule-logo-1200x255.png\" class=\"mx-auto wp-post-image\" alt=\"\" srcset=\"https:\/\/www.vmm.eu\/wp-content\/uploads\/2023\/11\/ist-hochschule-logo-1200x255.png 1200w, https:\/\/www.vmm.eu\/wp-content\/uploads\/2023\/11\/ist-hochschule-logo-950x202.png 950w, https:\/\/www.vmm.eu\/wp-content\/uploads\/2023\/11\/ist-hochschule-logo-1558x331.png 1558w, https:\/\/www.vmm.eu\/wp-content\/uploads\/2023\/11\/ist-hochschule-logo-768x163.png 768w, https:\/\/www.vmm.eu\/wp-content\/uploads\/2023\/11\/ist-hochschule-logo-1536x326.png 1536w, https:\/\/www.vmm.eu\/wp-content\/uploads\/2023\/11\/ist-hochschule-logo-2048x435.png 2048w, https:\/\/www.vmm.eu\/wp-content\/uploads\/2023\/11\/ist-hochschule-logo-600x128.png 600w\" sizes=\"auto, (max-width: 1200px) 100vw, 1200px\" \/><\/div>\n          <h6 class=\"font-weight-bold customer-text-headline-6 mb-0 mt-6\">iST Hochschule f\u00fcr Management<\/h6>\n        <\/div>\n\n        <div class=\"d-grid align-content-end flex-wrap customer-text-copy-1 description pt-4\">\n                    <p class=\"mb-4\">\n              IST-Hochschule University of Applied Sciences<br>Erkrather Str.  220, 40233 D\u00fcsseldorf          <\/p>\n          \n          <p class=\"mb-4\">\n                        Fon: +49 211 86668 0<br>\n            \n                        info@ist-hochschule.de                      <\/p>\n\n                    <div>\n            <span class=\"font-weight-bold customer-text-button-2 customer-btn-effect-small\" href=\"http:\/\/www.ist-hochschule.de\" target=\"_blank\">www.ist-hochschule.de<\/span>\n          <\/div>\n                  <\/div>\n      <\/a>    <\/div>\n    \n    <div class=\"col-12 col-md-6 col-lg-4 mb-7\">\n\n      <a class=\"d-grid d-grid--content-between h-100 bordered bordered--white grid-item\" href=\"https:\/\/pbsa.hs-duesseldorf.de\/\" target=\"_blank\">        <div class=\"d-grid align-content-end flex-wrap icon-with-title\">\n          <div class=\"image\"><img loading=\"lazy\" decoding=\"async\" width=\"257\" height=\"147\" src=\"https:\/\/www.vmm.eu\/wp-content\/uploads\/2022\/01\/HSD_Marke_v1_HSD_Rot.png\" class=\"mx-auto wp-post-image\" alt=\"\" \/><\/div>\n          <h6 class=\"font-weight-bold customer-text-headline-6 mb-0 mt-6\">Hochschule D\u00fcsseldorf Studiengang Retail Design<\/h6>\n        <\/div>\n\n        <div class=\"d-grid align-content-end flex-wrap customer-text-copy-1 description pt-4\">\n                    <p class=\"mb-4\">\n              Hochschule D\u00fcsseldorf University of Applied Sciences<br>M\u00fcnsterstra\u00dfe 156, 40476 D\u00fcsseldorf          <\/p>\n          \n          <p class=\"mb-4\">\n                        Fon: +49 211 4351-0<br>\n            \n                        studienberatung@hs-duesseldorf.de                      <\/p>\n\n                    <div>\n            <span class=\"font-weight-bold customer-text-button-2 customer-btn-effect-small\" href=\"https:\/\/pbsa.hs-duesseldorf.de\/\" target=\"_blank\">www.pbsa.hs-duesseldorf.de<\/span>\n          <\/div>\n                  <\/div>\n      <\/a>    <\/div>\n    \n    <div class=\"col-12 col-md-6 col-lg-4 mb-7\">\n\n      <a class=\"d-grid d-grid--content-between h-100 bordered bordered--white grid-item\" href=\"https:\/\/www.jak.de\/\" target=\"_blank\">        <div class=\"d-grid align-content-end flex-wrap icon-with-title\">\n          <div class=\"image\"><img loading=\"lazy\" decoding=\"async\" width=\"200\" height=\"200\" src=\"https:\/\/www.vmm.eu\/wp-content\/uploads\/2022\/01\/1519952404710.jpg\" class=\"mx-auto wp-post-image\" alt=\"\" srcset=\"https:\/\/www.vmm.eu\/wp-content\/uploads\/2022\/01\/1519952404710.jpg 200w, https:\/\/www.vmm.eu\/wp-content\/uploads\/2022\/01\/1519952404710-100x100.jpg 100w\" sizes=\"auto, (max-width: 200px) 100vw, 200px\" \/><\/div>\n          <h6 class=\"font-weight-bold customer-text-headline-6 mb-0 mt-6\">Studium Akademie JAK Hamburg<\/h6>\n        <\/div>\n\n        <div class=\"d-grid align-content-end flex-wrap customer-text-copy-1 description pt-4\">\n                    <p class=\"mb-4\">\n              AKADEMIE JAK<br>Alte Mineralwasserfabrik, Hohenfelder Allee 41-43, 22087 Hamburg          <\/p>\n          \n          <p class=\"mb-4\">\n                        Fon: +49 40 34859 510<br>\n            \n                        post@jak.de                      <\/p>\n\n                    <div>\n            <span class=\"font-weight-bold customer-text-button-2 customer-btn-effect-small\" href=\"https:\/\/www.jak.de\/\" target=\"_blank\">www.jak.de<\/span>\n          <\/div>\n                  <\/div>\n      <\/a>    <\/div>\n    \n    <div class=\"col-12 col-md-6 col-lg-4 mb-7\">\n\n      <a class=\"d-grid d-grid--content-between h-100 bordered bordered--white grid-item\" href=\"http:\/\/www.farbegestaltung.de\/\" target=\"_blank\">        <div class=\"d-grid align-content-end flex-wrap icon-with-title\">\n          <div class=\"image\"><img loading=\"lazy\" decoding=\"async\" width=\"328\" height=\"62\" src=\"https:\/\/www.vmm.eu\/wp-content\/uploads\/2022\/01\/SFGheaderlogoZW.svg\" class=\"mx-auto wp-post-image\" alt=\"\" \/><\/div>\n          <h6 class=\"font-weight-bold customer-text-headline-6 mb-0 mt-6\">Weiterbildung Farbegestaltung Stuttgart<\/h6>\n        <\/div>\n\n        <div class=\"d-grid align-content-end flex-wrap customer-text-copy-1 description pt-4\">\n                    <p class=\"mb-4\">\n              Schule f\u00fcr Farbe und Gestaltung<br>Leobener Strasse 97, 70469 Stuttgart          <\/p>\n          \n          <p class=\"mb-4\">\n                        Fon: + 49 711 \/ 21635 202<br>\n            \n                        schule@farbegestaltung.de                      <\/p>\n\n                    <div>\n            <span class=\"font-weight-bold customer-text-button-2 customer-btn-effect-small\" href=\"http:\/\/www.farbegestaltung.de\/\" target=\"_blank\">www.farbegestaltung.de<\/span>\n          <\/div>\n                  <\/div>\n      <\/a>    <\/div>\n    \n    <div class=\"col-12 col-md-6 col-lg-4 mb-7\">\n\n      <a class=\"d-grid d-grid--content-between h-100 bordered bordered--white grid-item\" href=\"http:\/\/www.artwork-institut.de\" target=\"_blank\">        <div class=\"d-grid align-content-end flex-wrap icon-with-title\">\n          <div class=\"image\"><img loading=\"lazy\" decoding=\"async\" width=\"400\" height=\"88\" src=\"https:\/\/www.vmm.eu\/wp-content\/uploads\/2021\/08\/ArtWork.png\" class=\"mx-auto wp-post-image\" alt=\"\" \/><\/div>\n          <h6 class=\"font-weight-bold customer-text-headline-6 mb-0 mt-6\">Umschulung ArtWork<\/h6>\n        <\/div>\n\n        <div class=\"d-grid align-content-end flex-wrap customer-text-copy-1 description pt-4\">\n                    <p class=\"mb-4\">\n              MySchool gGmbH &#8211; Akademie f\u00fcr beruflichen Aufstieg ArtWork Institut<br>Wendenstra\u00dfe 493, 20537 Hamburg          <\/p>\n          \n          <p class=\"mb-4\">\n                        Fon: +49 40 209 4066-0<br>\n            \n                        info@artwork-institut.de                      <\/p>\n\n                    <div>\n            <span class=\"font-weight-bold customer-text-button-2 customer-btn-effect-small\" href=\"http:\/\/www.artwork-institut.de\" target=\"_blank\">www.artwork-institut.de<\/span>\n          <\/div>\n                  <\/div>\n      <\/a>    <\/div>\n    \n        <div class=\"col-12 col-md-6 col-lg-4 mb-7\">\n      <div class=\"d-flex align-items-end h-100\">\n        <a class=\"customer-text-button-1 customer-btn-effect mt-8 mb-4\" href=\"mailto:info@vmm.eu\" target=\"\">\n          You are not listed yet? Please send us an email!        <\/a>\n      <\/div>\n    <\/div>\n      <\/div>\n<\/div><p><\/p>","protected":false},"excerpt":{"rendered":"<p>TRAiNING INSTITUTIONS Find a list of the most popular training institutions here.<\/p>\n","protected":false},"author":106,"featured_media":0,"parent":0,"menu_order":3,"comment_status":"closed","ping_status":"closed","template":"page-no-block-wrap.php","meta":{"_acf_changed":false,"footnotes":""},"class_list":["post-10193","page","type-page","status-publish","hentry"],"acf":[],"publishpress_future_action":{"enabled":false,"date":"2026-05-03 18:18:45","action":"change-status","newStatus":"draft","terms":[],"taxonomy":"translation_priority"},"publishpress_future_workflow_manual_trigger":{"enabledWorkflows":[]},"_links":{"self":[{"href":"https:\/\/www.vmm.eu\/en\/wp-json\/wp\/v2\/pages\/10193","targetHints":{"allow":["GET"]}}],"collection":[{"href":"https:\/\/www.vmm.eu\/en\/wp-json\/wp\/v2\/pages"}],"about":[{"href":"https:\/\/www.vmm.eu\/en\/wp-json\/wp\/v2\/types\/page"}],"author":[{"embeddable":true,"href":"https:\/\/www.vmm.eu\/en\/wp-json\/wp\/v2\/users\/106"}],"replies":[{"embeddable":true,"href":"https:\/\/www.vmm.eu\/en\/wp-json\/wp\/v2\/comments?post=10193"}],"version-history":[{"count":8,"href":"https:\/\/www.vmm.eu\/en\/wp-json\/wp\/v2\/pages\/10193\/revisions"}],"predecessor-version":[{"id":14457,"href":"https:\/\/www.vmm.eu\/en\/wp-json\/wp\/v2\/pages\/10193\/revisions\/14457"}],"wp:attachment":[{"href":"https:\/\/www.vmm.eu\/en\/wp-json\/wp\/v2\/media?parent=10193"}],"curies":[{"name":"wp","href":"https:\/\/api.w.org\/{rel}","templated":true}]}}