{"id":8747,"date":"2021-09-22T13:10:17","date_gmt":"2021-09-22T11:10:17","guid":{"rendered":"https:\/\/www.vmm.eu\/?page_id=8747"},"modified":"2022-02-03T18:24:40","modified_gmt":"2022-02-03T17:24:40","slug":"sponsoring-members","status":"publish","type":"page","link":"https:\/\/www.vmm.eu\/en\/association-about-us\/sponsoring-members\/","title":{"rendered":"SPONSORING MEMBERS"},"content":{"rendered":"<p><span class=\"customer-text-headline-5\">Association | SPONSORING MEMBERS<\/span><\/p><div class=\"mt-65px\"><\/div><p><span class=\"customer-text-headline-2\">Thank you for your support! Meet all sponsoring members of the VMM here.<\/span><\/p><div class=\"mt-96px\"><\/div><div class=\"customer-gutenberg-supporting-member-grid\" id=\"customer-gutenberg-block_6100141918901\">\n  <div class=\"row\">\n    \n    <div class=\"col-12 col-md-6 col-lg-4 mb-7\">\n\n      <a class=\"d-grid d-grid--content-between h-100 bordered bordered--white grid-item\" href=\"https:\/\/www.kldruck.com\/\" target=\"_blank\">        <div class=\"d-grid align-content-end flex-wrap icon-with-title\">\n          <div class=\"image\"><img loading=\"lazy\" decoding=\"async\" width=\"500\" height=\"242\" src=\"https:\/\/www.vmm.eu\/wp-content\/uploads\/2024\/01\/logo-website-125-jahre@2x.png\" class=\"mx-auto wp-post-image\" alt=\"\" \/><\/div>\n          <h6 class=\"font-weight-bold customer-text-headline-6 mb-0 mt-6\">K\u00fcrten &#038; Lechner GmbH<\/h6>\n        <\/div>\n\n        <div class=\"d-grid align-content-end flex-wrap customer-text-copy-1 description pt-4\">\n                    <p class=\"mb-4\">\n              Ernst-Reuter-Str. 3, 51427 Bergisch Gladbach          <\/p>\n          \n          <p class=\"mb-4\">\n                        Fon: +49 2204 209-0<br>\n            \n                        info@kldruck.de                      <\/p>\n\n                    <div>\n            <span class=\"font-weight-bold customer-text-button-2 customer-btn-effect-small\" href=\"https:\/\/www.kldruck.com\/\" target=\"_blank\">www.kldruck.com<\/span>\n          <\/div>\n                  <\/div>\n      <\/a>    <\/div>\n    \n    <div class=\"col-12 col-md-6 col-lg-4 mb-7\">\n\n      <a class=\"d-grid d-grid--content-between h-100 bordered bordered--white grid-item\" href=\"https:\/\/www.engbers.com\" target=\"_blank\">        <div class=\"d-grid align-content-end flex-wrap icon-with-title\">\n          <div class=\"image\"><img loading=\"lazy\" decoding=\"async\" width=\"300\" height=\"300\" src=\"https:\/\/www.vmm.eu\/wp-content\/uploads\/2021\/08\/Engbers.png\" class=\"mx-auto wp-post-image\" alt=\"\" srcset=\"https:\/\/www.vmm.eu\/wp-content\/uploads\/2021\/08\/Engbers.png 300w, https:\/\/www.vmm.eu\/wp-content\/uploads\/2021\/08\/Engbers-100x100.png 100w\" sizes=\"auto, (max-width: 300px) 100vw, 300px\" \/><\/div>\n          <h6 class=\"font-weight-bold customer-text-headline-6 mb-0 mt-6\">Engbers GmbH &#038; Co. KG<\/h6>\n        <\/div>\n\n        <div class=\"d-grid align-content-end flex-wrap customer-text-copy-1 description pt-4\">\n                    <p class=\"mb-4\">\n              D\u00fcppelstr. 4, 8599 Gronau          <\/p>\n          \n          <p class=\"mb-4\">\n                        Fon: +49 2562 \/ 713 0<br>\n            \n                        shop@engbers.com                      <\/p>\n\n                    <div>\n            <span class=\"font-weight-bold customer-text-button-2 customer-btn-effect-small\" href=\"https:\/\/www.engbers.com\" target=\"_blank\">www.engbers.com<\/span>\n          <\/div>\n                  <\/div>\n      <\/a>    <\/div>\n    \n    <div class=\"col-12 col-md-6 col-lg-4 mb-7\">\n\n      <a class=\"d-grid d-grid--content-between h-100 bordered bordered--white grid-item\" href=\"https:\/\/www.euroshop.de\" target=\"_blank\">        <div class=\"d-grid align-content-end flex-wrap icon-with-title\">\n          <div class=\"image\"><img loading=\"lazy\" decoding=\"async\" width=\"255\" height=\"298\" src=\"https:\/\/www.vmm.eu\/wp-content\/uploads\/2021\/08\/EuroShop.png\" class=\"mx-auto wp-post-image\" alt=\"\" \/><\/div>\n          <h6 class=\"font-weight-bold customer-text-headline-6 mb-0 mt-6\">EuroShop \u2013 The World\u2018s Leading Retail Trade Fair<\/h6>\n        <\/div>\n\n        <div class=\"d-grid align-content-end flex-wrap customer-text-copy-1 description pt-4\">\n                    <p class=\"mb-4\">\n              Messe D\u00fcsseldorf GmbH<br>Stockumer Kirchstra\u00dfe 61, 40474 D\u00fcsseldorf          <\/p>\n          \n          <p class=\"mb-4\">\n                        Fon: +49 211 \/ 4560-01<br>\n            \n                        euroshop@messe-duesseldorf.de                      <\/p>\n\n                    <div>\n            <span class=\"font-weight-bold customer-text-button-2 customer-btn-effect-small\" href=\"https:\/\/www.euroshop.de\" target=\"_blank\">www.euroshop.de<\/span>\n          <\/div>\n                  <\/div>\n      <\/a>    <\/div>\n    \n    <div class=\"col-12 col-md-6 col-lg-4 mb-7\">\n\n      <a class=\"d-grid d-grid--content-between h-100 bordered bordered--white grid-item\" href=\"http:\/\/www.form-factory.net\/start.html\" target=\"_blank\">        <div class=\"d-grid align-content-end flex-wrap icon-with-title\">\n          <div class=\"image\"><img loading=\"lazy\" decoding=\"async\" width=\"400\" height=\"92\" src=\"https:\/\/www.vmm.eu\/wp-content\/uploads\/2021\/08\/LogoFormfactory.png\" class=\"mx-auto wp-post-image\" alt=\"\" \/><\/div>\n          <h6 class=\"font-weight-bold customer-text-headline-6 mb-0 mt-6\">FORMFACTORY GmbH &#038; Co. KG<\/h6>\n        <\/div>\n\n        <div class=\"d-grid align-content-end flex-wrap customer-text-copy-1 description pt-4\">\n                    <p class=\"mb-4\">\n              Empeler Stra\u00dfe 122, 46459 Rees          <\/p>\n          \n          <p class=\"mb-4\">\n                        Fon: +49 2851 \/ 9673 &#8211; 591<br>\n            \n                        mail@form-factory.de                      <\/p>\n\n                    <div>\n            <span class=\"font-weight-bold customer-text-button-2 customer-btn-effect-small\" href=\"http:\/\/www.form-factory.net\/start.html\" target=\"_blank\">www.form-factory.net<\/span>\n          <\/div>\n                  <\/div>\n      <\/a>    <\/div>\n    \n    <div class=\"col-12 col-md-6 col-lg-4 mb-7\">\n\n      <a class=\"d-grid d-grid--content-between h-100 bordered bordered--white grid-item\" href=\"https:\/\/www.messe-duesseldorf.de\" target=\"\">        <div class=\"d-grid align-content-end flex-wrap icon-with-title\">\n          <div class=\"image\"><img loading=\"lazy\" decoding=\"async\" width=\"300\" height=\"300\" src=\"https:\/\/www.vmm.eu\/wp-content\/uploads\/2021\/08\/messe_due.png\" class=\"mx-auto wp-post-image\" alt=\"\" srcset=\"https:\/\/www.vmm.eu\/wp-content\/uploads\/2021\/08\/messe_due.png 300w, https:\/\/www.vmm.eu\/wp-content\/uploads\/2021\/08\/messe_due-100x100.png 100w\" sizes=\"auto, (max-width: 300px) 100vw, 300px\" \/><\/div>\n          <h6 class=\"font-weight-bold customer-text-headline-6 mb-0 mt-6\">Messe D\u00fcsseldorf<\/h6>\n        <\/div>\n\n        <div class=\"d-grid align-content-end flex-wrap customer-text-copy-1 description pt-4\">\n                    <p class=\"mb-4\">\n              Postfach 10 10 06, 40001 D\u00fcsseldorf          <\/p>\n          \n          <p class=\"mb-4\">\n                        Fon: +49 211 \/ 45 60-01<br>\n            \n                        info@messe-duesseldorf.de                      <\/p>\n\n                    <div>\n            <span class=\"font-weight-bold customer-text-button-2 customer-btn-effect-small\" href=\"https:\/\/www.messe-duesseldorf.de\" target=\"\">www.messe-duesseldorf.de<\/span>\n          <\/div>\n                  <\/div>\n      <\/a>    <\/div>\n    \n    <div class=\"col-12 col-md-6 col-lg-4 mb-7\">\n\n      <a class=\"d-grid d-grid--content-between h-100 bordered bordered--white grid-item\" href=\"https:\/\/www.dfrost.com\/de\/\" target=\"_blank\">        <div class=\"d-grid align-content-end flex-wrap icon-with-title\">\n          <div class=\"image\"><img loading=\"lazy\" decoding=\"async\" width=\"1200\" height=\"469\" src=\"https:\/\/www.vmm.eu\/wp-content\/uploads\/2024\/01\/DFROST_Logo_34_5mm_positiv-1200x469.png\" class=\"mx-auto wp-post-image\" alt=\"VMM, Dfrost, Foerdermitglied, Retail Identity\" srcset=\"https:\/\/www.vmm.eu\/wp-content\/uploads\/2024\/01\/DFROST_Logo_34_5mm_positiv-1200x469.png 1200w, https:\/\/www.vmm.eu\/wp-content\/uploads\/2024\/01\/DFROST_Logo_34_5mm_positiv-950x371.png 950w, https:\/\/www.vmm.eu\/wp-content\/uploads\/2024\/01\/DFROST_Logo_34_5mm_positiv-1558x609.png 1558w, https:\/\/www.vmm.eu\/wp-content\/uploads\/2024\/01\/DFROST_Logo_34_5mm_positiv-768x300.png 768w, https:\/\/www.vmm.eu\/wp-content\/uploads\/2024\/01\/DFROST_Logo_34_5mm_positiv-1536x600.png 1536w, https:\/\/www.vmm.eu\/wp-content\/uploads\/2024\/01\/DFROST_Logo_34_5mm_positiv-2048x800.png 2048w, https:\/\/www.vmm.eu\/wp-content\/uploads\/2024\/01\/DFROST_Logo_34_5mm_positiv-600x234.png 600w\" sizes=\"auto, (max-width: 1200px) 100vw, 1200px\" \/><\/div>\n          <h6 class=\"font-weight-bold customer-text-headline-6 mb-0 mt-6\">DFROST GmbH &#038; Co. KG<\/h6>\n        <\/div>\n\n        <div class=\"d-grid align-content-end flex-wrap customer-text-copy-1 description pt-4\">\n                    <p class=\"mb-4\">\n              Hauptst\u00e4tter Stra\u00dfe 59a, 70178 Stuttgart          <\/p>\n          \n          <p class=\"mb-4\">\n                        Fon: +49 711 \/ 6648170<br>\n            \n                        info@dfrost.com                      <\/p>\n\n                    <div>\n            <span class=\"font-weight-bold customer-text-button-2 customer-btn-effect-small\" href=\"https:\/\/www.dfrost.com\/de\/\" target=\"_blank\">www.dfrost.com<\/span>\n          <\/div>\n                  <\/div>\n      <\/a>    <\/div>\n    \n    <div class=\"col-12 col-md-6 col-lg-4 mb-7\">\n\n      <a class=\"d-grid d-grid--content-between h-100 bordered bordered--white grid-item\" href=\"https:\/\/www.shopmacher.de\" target=\"\">        <div class=\"d-grid align-content-end flex-wrap icon-with-title\">\n          <div class=\"image\"><img loading=\"lazy\" decoding=\"async\" width=\"402\" height=\"27\" src=\"https:\/\/www.vmm.eu\/wp-content\/uploads\/2021\/08\/shopmacher.png\" class=\"mx-auto wp-post-image\" alt=\"\" \/><\/div>\n          <h6 class=\"font-weight-bold customer-text-headline-6 mb-0 mt-6\">SHOPMACHER eCommerce GmbH &#038; Co. KG<\/h6>\n        <\/div>\n\n        <div class=\"d-grid align-content-end flex-wrap customer-text-copy-1 description pt-4\">\n                    <p class=\"mb-4\">\n              Zentrale<br>Am Campus 5, 48712 Gescher          <\/p>\n          \n          <p class=\"mb-4\">\n                        Fon: +49 2542 \/ 87 03 0<br>\n            \n                        info@shopmacher.de                      <\/p>\n\n                    <div>\n            <span class=\"font-weight-bold customer-text-button-2 customer-btn-effect-small\" href=\"https:\/\/www.shopmacher.de\" target=\"\">www.shopmacher.de<\/span>\n          <\/div>\n                  <\/div>\n      <\/a>    <\/div>\n    \n    <div class=\"col-12 col-md-6 col-lg-4 mb-7\">\n\n      <a class=\"d-grid d-grid--content-between h-100 bordered bordered--white grid-item\" href=\"https:\/\/www.vi-arise.com\/\" target=\"\">        <div class=\"d-grid align-content-end flex-wrap icon-with-title\">\n          <div class=\"image\"><img loading=\"lazy\" decoding=\"async\" width=\"300\" height=\"300\" src=\"https:\/\/www.vmm.eu\/wp-content\/uploads\/2021\/08\/VI-ARISE_LOGO_300x300px.png\" class=\"mx-auto wp-post-image\" alt=\"\" srcset=\"https:\/\/www.vmm.eu\/wp-content\/uploads\/2021\/08\/VI-ARISE_LOGO_300x300px.png 300w, https:\/\/www.vmm.eu\/wp-content\/uploads\/2021\/08\/VI-ARISE_LOGO_300x300px-100x100.png 100w\" sizes=\"auto, (max-width: 300px) 100vw, 300px\" \/><\/div>\n          <h6 class=\"font-weight-bold customer-text-headline-6 mb-0 mt-6\">VI-ARISE Communication<\/h6>\n        <\/div>\n\n        <div class=\"d-grid align-content-end flex-wrap customer-text-copy-1 description pt-4\">\n                    <p class=\"mb-4\">\n              VI-ARISE Communication GmbH<br>Osterholzallee 144\/2, 71636 Ludwigsburg          <\/p>\n          \n          <p class=\"mb-4\">\n                        Fon: +49 7141 488 74 00 <br>\n            \n                        mail@vi-arise.com                      <\/p>\n\n                    <div>\n            <span class=\"font-weight-bold customer-text-button-2 customer-btn-effect-small\" href=\"https:\/\/www.vi-arise.com\/\" target=\"\">www.vi-arise.com<\/span>\n          <\/div>\n                  <\/div>\n      <\/a>    <\/div>\n    \n    <div class=\"col-12 col-md-6 col-lg-4 mb-7\">\n\n      <a class=\"d-grid d-grid--content-between h-100 bordered bordered--white grid-item\" href=\"https:\/\/www.vi-studios.com\/\" target=\"\">        <div class=\"d-grid align-content-end flex-wrap icon-with-title\">\n          <div class=\"image\"><img loading=\"lazy\" decoding=\"async\" width=\"400\" height=\"104\" src=\"https:\/\/www.vmm.eu\/wp-content\/uploads\/2021\/08\/LOGO_VI-BRAND-STUDIOS_zwei_zeilig_black-e1628261182308.png\" class=\"mx-auto wp-post-image\" alt=\"\" \/><\/div>\n          <h6 class=\"font-weight-bold customer-text-headline-6 mb-0 mt-6\">VI BRAND STUDIOS<\/h6>\n        <\/div>\n\n        <div class=\"d-grid align-content-end flex-wrap customer-text-copy-1 description pt-4\">\n                    <p class=\"mb-4\">\n              VI BRAND STUDIOS GmbH<br>Osterholzallee 144\/2, 71632 Ludwigsburg          <\/p>\n          \n          <p class=\"mb-4\">\n                        Fon: +49 7141 488 74 10 <br>\n            \n                        mail@vi-studios.com                      <\/p>\n\n                    <div>\n            <span class=\"font-weight-bold customer-text-button-2 customer-btn-effect-small\" href=\"https:\/\/www.vi-studios.com\/\" target=\"\">www.vi-studios.com<\/span>\n          <\/div>\n                  <\/div>\n      <\/a>    <\/div>\n    \n        <div class=\"col-12 col-md-6 col-lg-4 mb-7\">\n      <div class=\"d-flex align-items-end h-100\">\n        <a class=\"customer-text-button-1 customer-btn-effect mt-8 mb-4\" href=\"https:\/\/www.vmm.eu\/en\/become-a-member\/\" target=\"\">\n          Become a sponsoring member now!        <\/a>\n      <\/div>\n    <\/div>\n      <\/div>\n<\/div>","protected":false},"excerpt":{"rendered":"<p>Association | SPONSORING MEMBERS Thank you for your support! Meet all sponsoring members of the VMM here.<\/p>\n","protected":false},"author":6,"featured_media":0,"parent":8753,"menu_order":0,"comment_status":"closed","ping_status":"closed","template":"page-no-block-wrap.php","meta":{"_acf_changed":false,"footnotes":""},"class_list":["post-8747","page","type-page","status-publish","hentry"],"acf":[],"publishpress_future_action":{"enabled":false,"date":"2026-05-03 19:43:12","action":"change-status","newStatus":"draft","terms":[],"taxonomy":"translation_priority"},"publishpress_future_workflow_manual_trigger":{"enabledWorkflows":[]},"_links":{"self":[{"href":"https:\/\/www.vmm.eu\/en\/wp-json\/wp\/v2\/pages\/8747","targetHints":{"allow":["GET"]}}],"collection":[{"href":"https:\/\/www.vmm.eu\/en\/wp-json\/wp\/v2\/pages"}],"about":[{"href":"https:\/\/www.vmm.eu\/en\/wp-json\/wp\/v2\/types\/page"}],"author":[{"embeddable":true,"href":"https:\/\/www.vmm.eu\/en\/wp-json\/wp\/v2\/users\/6"}],"replies":[{"embeddable":true,"href":"https:\/\/www.vmm.eu\/en\/wp-json\/wp\/v2\/comments?post=8747"}],"version-history":[{"count":6,"href":"https:\/\/www.vmm.eu\/en\/wp-json\/wp\/v2\/pages\/8747\/revisions"}],"predecessor-version":[{"id":9252,"href":"https:\/\/www.vmm.eu\/en\/wp-json\/wp\/v2\/pages\/8747\/revisions\/9252"}],"up":[{"embeddable":true,"href":"https:\/\/www.vmm.eu\/en\/wp-json\/wp\/v2\/pages\/8753"}],"wp:attachment":[{"href":"https:\/\/www.vmm.eu\/en\/wp-json\/wp\/v2\/media?parent=8747"}],"curies":[{"name":"wp","href":"https:\/\/api.w.org\/{rel}","templated":true}]}}